{"id":274,"date":"2024-03-08T22:59:02","date_gmt":"2024-03-09T03:59:02","guid":{"rendered":"https:\/\/mastersweightlifting2024.ca\/lieu\/"},"modified":"2024-06-21T23:59:15","modified_gmt":"2024-06-22T03:59:15","slug":"lieu","status":"publish","type":"page","link":"https:\/\/mastersweightlifting2024.ca\/fr\/lieu\/","title":{"rendered":"Lieu"},"content":{"rendered":"\t\t<div data-elementor-type=\"wp-page\" data-elementor-id=\"274\" class=\"elementor elementor-274 elementor-259\" data-elementor-post-type=\"page\">\n\t\t\t\t<div class=\"elementor-element elementor-element-a797f7d e-flex e-con-boxed e-con e-parent\" data-id=\"a797f7d\" data-element_type=\"container\">\n\t\t\t\t\t<div class=\"e-con-inner\">\n\t\t\t\t\t<\/div>\n\t\t\t\t<\/div>\n\t\t<div class=\"elementor-element elementor-element-0afa525 e-flex e-con-boxed e-con e-parent\" data-id=\"0afa525\" data-element_type=\"container\">\n\t\t\t\t\t<div class=\"e-con-inner\">\n\t\t\t\t<div class=\"elementor-element elementor-element-875855b elementor-widget elementor-widget-heading\" data-id=\"875855b\" data-element_type=\"widget\" data-widget_type=\"heading.default\">\n\t\t\t\t<div class=\"elementor-widget-container\">\n\t\t\t\t\t<h2 class=\"elementor-heading-title elementor-size-default\">C\u00e9gep de l'Abitibi-T\u00e9miscamingue<\/h2>\t\t\t\t<\/div>\n\t\t\t\t<\/div>\n\t\t\t\t<div class=\"elementor-element elementor-element-5e94dbc elementor-widget elementor-widget-text-editor\" data-id=\"5e94dbc\" data-element_type=\"widget\" data-widget_type=\"text-editor.default\">\n\t\t\t\t<div class=\"elementor-widget-container\">\n\t\t\t\t\t\t\t\t\t<p style=\"text-align: center;\">425 Blvd. du Coll\u00e8ge<br \/>Rouyn-Noranda (QC)<br \/>J9X 5E5<\/p>\n\t\t\t\t\t\t\t\t<\/div>\n\t\t\t\t<\/div>\n\t\t\t\t<div class=\"elementor-element elementor-element-f22f71d elementor-widget elementor-widget-google_maps\" data-id=\"f22f71d\" data-element_type=\"widget\" data-widget_type=\"google_maps.default\">\n\t\t\t\t<div class=\"elementor-widget-container\">\n\t\t\t\t\t\t\t<div class=\"elementor-custom-embed\">\n\t\t\t<iframe loading=\"lazy\"\n\t\t\t\t\tsrc=\"https:\/\/maps.google.com\/maps?q=C%C3%A9gep%20de%20l%27Abitibi-T%C3%A9miscamingue%2C%20Rouyn-Noranda&#038;t=m&#038;z=14&#038;output=embed&#038;iwloc=near\"\n\t\t\t\t\ttitle=\"C\u00e9gep de l&#039;Abitibi-T\u00e9miscamingue, Rouyn-Noranda\"\n\t\t\t\t\taria-label=\"C\u00e9gep de l&#039;Abitibi-T\u00e9miscamingue, Rouyn-Noranda\"\n\t\t\t><\/iframe>\n\t\t<\/div>\n\t\t\t\t\t\t<\/div>\n\t\t\t\t<\/div>\n\t\t\t\t<div class=\"elementor-element elementor-element-c287e25 elementor-widget elementor-widget-image\" data-id=\"c287e25\" data-element_type=\"widget\" data-widget_type=\"image.default\">\n\t\t\t\t<div class=\"elementor-widget-container\">\n\t\t\t\t\t\t\t\t\t\t\t\t\t\t\t<img fetchpriority=\"high\" decoding=\"async\" width=\"800\" height=\"516\" src=\"https:\/\/mastersweightlifting2024.ca\/wp-content\/uploads\/2024\/06\/Carte-du-site-annote-Cegep-AT.png\" class=\"attachment-large size-large wp-image-871\" alt=\"\" srcset=\"https:\/\/mastersweightlifting2024.ca\/wp-content\/uploads\/2024\/06\/Carte-du-site-annote-Cegep-AT.png 973w, https:\/\/mastersweightlifting2024.ca\/wp-content\/uploads\/2024\/06\/Carte-du-site-annote-Cegep-AT-300x194.png 300w, https:\/\/mastersweightlifting2024.ca\/wp-content\/uploads\/2024\/06\/Carte-du-site-annote-Cegep-AT-768x496.png 768w, https:\/\/mastersweightlifting2024.ca\/wp-content\/uploads\/2024\/06\/Carte-du-site-annote-Cegep-AT-600x387.png 600w\" sizes=\"(max-width: 800px) 100vw, 800px\" \/>\t\t\t\t\t\t\t\t\t\t\t\t\t\t\t<\/div>\n\t\t\t\t<\/div>\n\t\t\t\t<div class=\"elementor-element elementor-element-e3d8141 elementor-widget elementor-widget-image\" data-id=\"e3d8141\" data-element_type=\"widget\" data-widget_type=\"image.default\">\n\t\t\t\t<div class=\"elementor-widget-container\">\n\t\t\t\t\t\t\t\t\t\t\t\t\t\t\t<img decoding=\"async\" width=\"800\" height=\"308\" src=\"https:\/\/mastersweightlifting2024.ca\/wp-content\/uploads\/2024\/06\/Entree-parking-pavillon-education-physique--1024x394.png\" class=\"attachment-large size-large wp-image-874\" alt=\"\" srcset=\"https:\/\/mastersweightlifting2024.ca\/wp-content\/uploads\/2024\/06\/Entree-parking-pavillon-education-physique--1024x394.png 1024w, https:\/\/mastersweightlifting2024.ca\/wp-content\/uploads\/2024\/06\/Entree-parking-pavillon-education-physique--300x115.png 300w, https:\/\/mastersweightlifting2024.ca\/wp-content\/uploads\/2024\/06\/Entree-parking-pavillon-education-physique--768x295.png 768w, https:\/\/mastersweightlifting2024.ca\/wp-content\/uploads\/2024\/06\/Entree-parking-pavillon-education-physique--600x231.png 600w, https:\/\/mastersweightlifting2024.ca\/wp-content\/uploads\/2024\/06\/Entree-parking-pavillon-education-physique-.png 1048w\" sizes=\"(max-width: 800px) 100vw, 800px\" \/>\t\t\t\t\t\t\t\t\t\t\t\t\t\t\t<\/div>\n\t\t\t\t<\/div>\n\t\t\t\t<div class=\"elementor-element elementor-element-8c02a0f elementor-widget-divider--view-line elementor-widget elementor-widget-divider\" data-id=\"8c02a0f\" data-element_type=\"widget\" data-widget_type=\"divider.default\">\n\t\t\t\t<div class=\"elementor-widget-container\">\n\t\t\t\t\t\t\t<div class=\"elementor-divider\">\n\t\t\t<span class=\"elementor-divider-separator\">\n\t\t\t\t\t\t<\/span>\n\t\t<\/div>\n\t\t\t\t\t\t<\/div>\n\t\t\t\t<\/div>\n\t\t\t\t<div class=\"elementor-element elementor-element-76aab21 elementor-widget elementor-widget-heading\" data-id=\"76aab21\" data-element_type=\"widget\" data-widget_type=\"heading.default\">\n\t\t\t\t<div class=\"elementor-widget-container\">\n\t\t\t\t\t<h2 class=\"elementor-heading-title elementor-size-default\">Visite virtuelle du centre<\/h2>\t\t\t\t<\/div>\n\t\t\t\t<\/div>\n\t\t\t\t<div class=\"elementor-element elementor-element-6439166 elementor-widget elementor-widget-html\" data-id=\"6439166\" data-element_type=\"widget\" data-widget_type=\"html.default\">\n\t\t\t\t<div class=\"elementor-widget-container\">\n\t\t\t\t\t<iframe src=\"https:\/\/360.gnak.ca\/share\/collection\/7lvDM\" style=\"height: 100vh;\"><\/iframe>\t\t\t\t<\/div>\n\t\t\t\t<\/div>\n\t\t\t\t\t<\/div>\n\t\t\t\t<\/div>\n\t\t\t\t<\/div>\n\t\t","protected":false},"excerpt":{"rendered":"<p>C\u00e9gep de l&rsquo;Abitibi-T\u00e9miscamingue 425 Blvd. du Coll\u00e8geRouyn-Noranda (QC)J9X 5E5 Visite virtuelle du centre<\/p>\n","protected":false},"author":1,"featured_media":0,"parent":0,"menu_order":0,"comment_status":"closed","ping_status":"closed","template":"","meta":{"footnotes":""},"class_list":["post-274","page","type-page","status-publish","hentry"],"_links":{"self":[{"href":"https:\/\/mastersweightlifting2024.ca\/fr\/wp-json\/wp\/v2\/pages\/274","targetHints":{"allow":["GET"]}}],"collection":[{"href":"https:\/\/mastersweightlifting2024.ca\/fr\/wp-json\/wp\/v2\/pages"}],"about":[{"href":"https:\/\/mastersweightlifting2024.ca\/fr\/wp-json\/wp\/v2\/types\/page"}],"author":[{"embeddable":true,"href":"https:\/\/mastersweightlifting2024.ca\/fr\/wp-json\/wp\/v2\/users\/1"}],"replies":[{"embeddable":true,"href":"https:\/\/mastersweightlifting2024.ca\/fr\/wp-json\/wp\/v2\/comments?post=274"}],"version-history":[{"count":4,"href":"https:\/\/mastersweightlifting2024.ca\/fr\/wp-json\/wp\/v2\/pages\/274\/revisions"}],"predecessor-version":[{"id":893,"href":"https:\/\/mastersweightlifting2024.ca\/fr\/wp-json\/wp\/v2\/pages\/274\/revisions\/893"}],"wp:attachment":[{"href":"https:\/\/mastersweightlifting2024.ca\/fr\/wp-json\/wp\/v2\/media?parent=274"}],"curies":[{"name":"wp","href":"https:\/\/api.w.org\/{rel}","templated":true}]}}