{"id":803,"date":"2024-06-09T13:37:05","date_gmt":"2024-06-09T17:37:05","guid":{"rendered":"https:\/\/mastersweightlifting2024.ca\/banquet\/"},"modified":"2024-06-09T13:57:43","modified_gmt":"2024-06-09T17:57:43","slug":"banquet","status":"publish","type":"page","link":"https:\/\/mastersweightlifting2024.ca\/fr\/banquet\/","title":{"rendered":"Banquet"},"content":{"rendered":"\t\t<div data-elementor-type=\"wp-page\" data-elementor-id=\"803\" class=\"elementor elementor-803 elementor-788\" data-elementor-post-type=\"page\">\n\t\t\t\t<div class=\"elementor-element elementor-element-402f7a8 e-flex e-con-boxed e-con e-parent\" data-id=\"402f7a8\" data-element_type=\"container\">\n\t\t\t\t\t<div class=\"e-con-inner\">\n\t\t\t\t<div class=\"elementor-element elementor-element-7fbb1ba elementor-widget elementor-widget-heading\" data-id=\"7fbb1ba\" data-element_type=\"widget\" data-widget_type=\"heading.default\">\n\t\t\t\t<div class=\"elementor-widget-container\">\n\t\t\t\t\t<h2 class=\"elementor-heading-title elementor-size-default\">Banquet de cl\u00f4ture<\/h2>\t\t\t\t<\/div>\n\t\t\t\t<\/div>\n\t\t\t\t<div class=\"elementor-element elementor-element-e3e12e6 elementor-widget__width-initial elementor-widget elementor-widget-text-editor\" data-id=\"e3e12e6\" data-element_type=\"widget\" data-widget_type=\"text-editor.default\">\n\t\t\t\t<div class=\"elementor-widget-container\">\n\t\t\t\t\t\t\t\t\t<p style=\"text-align: center;\">Joignez-vous \u00e0 nous pour une soir\u00e9e inoubliable lors de notre banquet \u00e0 venir !<br \/>Voici tout ce que vous devez savoir :<\/p>\n<ul style=\"text-align: left;\">\n<li><b>Tarifs des billets :<\/b>\n<ul>\n<li>Pr\u00e9vente : 45 $<\/li>\n<li>Sur place : 50 $<\/li>\n<\/ul>\n<\/li>\n<li><b>Options de menu:<\/b> Choisissez parmi trois d\u00e9licieuses options de repas :\n<ul>\n<li>Boeuf<\/li>\n<li>Poulet<\/li>\n<li>V\u00e9g\u00e9tarien<\/li>\n<\/ul>\n<\/li>\n<li><b>Inclus:<\/b>\n<ul>\n<li>Bar \u00e0 salade<\/li>\n<li>Caf\u00e9, th\u00e9, eau<\/li>\n<li>Soupe<\/li>\n<li>Dessert<\/li>\n<\/ul>\n<\/li>\n<li><b>Boissons:<\/b> Des boissons alcoolis\u00e9es seront disponibles (non compris). Des options de vin et de bi\u00e8re seront propos\u00e9es.<\/li>\n<li><b>D\u00e9tails de l&rsquo;\u00e9v\u00e9nement :<\/b>\n<ul>\n<li>Date : Dimanche 14 juillet<\/li>\n<li>Heure : 19h30<\/li>\n<li>Lieu : Caf\u00e9t\u00e9ria, C\u00e9gep de l&rsquo;Abitibi-T\u00e9miscamingue<\/li>\n<\/ul>\n<\/li>\n<li><b>Divertissement:<\/b> Profitez d&rsquo;une soir\u00e9e remplie de musique ! Apr\u00e8s le d\u00eener, nous aurons une remise des prix suivie d&rsquo;une performance live de Marc Audet. Pr\u00e9parez-vous \u00e0 une s\u00e9lection de chansons am\u00e9ricaines, canadiennes et qu\u00e9b\u00e9coises !<\/li>\n<\/ul>\n<p style=\"text-align: center;\">Ne manquez pas cette soir\u00e9e de plaisir et de c\u00e9l\u00e9bration !<br \/>R\u00e9servez votre place d\u00e8s aujourd&rsquo;hui.<\/p>\n\t\t\t\t\t\t\t\t<\/div>\n\t\t\t\t<\/div>\n\t\t\t\t<div class=\"elementor-element elementor-element-8e8bacc elementor-align-center elementor-widget elementor-widget-button\" data-id=\"8e8bacc\" data-element_type=\"widget\" data-widget_type=\"button.default\">\n\t\t\t\t<div class=\"elementor-widget-container\">\n\t\t\t\t\t\t\t\t\t<div class=\"elementor-button-wrapper\">\n\t\t\t\t\t<a class=\"elementor-button elementor-button-link elementor-size-sm\" href=\"https:\/\/forms.gle\/22hJzgjgmFGERCSx9?hl=fr\" target=\"_blank\">\n\t\t\t\t\t\t<span class=\"elementor-button-content-wrapper\">\n\t\t\t\t\t\t<span class=\"elementor-button-icon\">\n\t\t\t\t<svg aria-hidden=\"true\" class=\"e-font-icon-svg e-far-calendar-check\" viewBox=\"0 0 448 512\" xmlns=\"http:\/\/www.w3.org\/2000\/svg\"><path d=\"M400 64h-48V12c0-6.627-5.373-12-12-12h-40c-6.627 0-12 5.373-12 12v52H160V12c0-6.627-5.373-12-12-12h-40c-6.627 0-12 5.373-12 12v52H48C21.49 64 0 85.49 0 112v352c0 26.51 21.49 48 48 48h352c26.51 0 48-21.49 48-48V112c0-26.51-21.49-48-48-48zm-6 400H54a6 6 0 0 1-6-6V160h352v298a6 6 0 0 1-6 6zm-52.849-200.65L198.842 404.519c-4.705 4.667-12.303 4.637-16.971-.068l-75.091-75.699c-4.667-4.705-4.637-12.303.068-16.971l22.719-22.536c4.705-4.667 12.303-4.637 16.97.069l44.104 44.461 111.072-110.181c4.705-4.667 12.303-4.637 16.971.068l22.536 22.718c4.667 4.705 4.636 12.303-.069 16.97z\"><\/path><\/svg>\t\t\t<\/span>\n\t\t\t\t\t\t\t\t\t<span class=\"elementor-button-text\">R\u00e9server maintenant<\/span>\n\t\t\t\t\t<\/span>\n\t\t\t\t\t<\/a>\n\t\t\t\t<\/div>\n\t\t\t\t\t\t\t\t<\/div>\n\t\t\t\t<\/div>\n\t\t\t\t<div class=\"elementor-element elementor-element-dccf0da elementor-widget-divider--view-line elementor-widget elementor-widget-divider\" data-id=\"dccf0da\" data-element_type=\"widget\" data-widget_type=\"divider.default\">\n\t\t\t\t<div class=\"elementor-widget-container\">\n\t\t\t\t\t\t\t<div class=\"elementor-divider\">\n\t\t\t<span class=\"elementor-divider-separator\">\n\t\t\t\t\t\t<\/span>\n\t\t<\/div>\n\t\t\t\t\t\t<\/div>\n\t\t\t\t<\/div>\n\t\t\t\t<div class=\"elementor-element elementor-element-61bfbcc elementor-widget elementor-widget-image\" data-id=\"61bfbcc\" data-element_type=\"widget\" data-widget_type=\"image.default\">\n\t\t\t\t<div class=\"elementor-widget-container\">\n\t\t\t\t\t\t\t\t\t\t\t\t<figure class=\"wp-caption\">\n\t\t\t\t\t\t\t\t\t\t<img fetchpriority=\"high\" decoding=\"async\" width=\"768\" height=\"629\" src=\"https:\/\/mastersweightlifting2024.ca\/wp-content\/uploads\/2024\/06\/Melanie-Marc-40-768x629.jpg\" class=\"attachment-medium_large size-medium_large wp-image-797\" alt=\"M\u00e9lanie et Marc Audet\" srcset=\"https:\/\/mastersweightlifting2024.ca\/wp-content\/uploads\/2024\/06\/Melanie-Marc-40-768x629.jpg 768w, https:\/\/mastersweightlifting2024.ca\/wp-content\/uploads\/2024\/06\/Melanie-Marc-40-300x246.jpg 300w, https:\/\/mastersweightlifting2024.ca\/wp-content\/uploads\/2024\/06\/Melanie-Marc-40-1024x839.jpg 1024w, https:\/\/mastersweightlifting2024.ca\/wp-content\/uploads\/2024\/06\/Melanie-Marc-40-1536x1258.jpg 1536w, https:\/\/mastersweightlifting2024.ca\/wp-content\/uploads\/2024\/06\/Melanie-Marc-40-2048x1678.jpg 2048w, https:\/\/mastersweightlifting2024.ca\/wp-content\/uploads\/2024\/06\/Melanie-Marc-40-600x492.jpg 600w\" sizes=\"(max-width: 768px) 100vw, 768px\" \/>\t\t\t\t\t\t\t\t\t\t\t<figcaption class=\"widget-image-caption wp-caption-text\">Photo de M\u00e9lanie &amp; Marc Audet, ils performeront live au banquet.<\/figcaption>\n\t\t\t\t\t\t\t\t\t\t<\/figure>\n\t\t\t\t\t\t\t\t\t<\/div>\n\t\t\t\t<\/div>\n\t\t\t\t\t<\/div>\n\t\t\t\t<\/div>\n\t\t\t\t<\/div>\n\t\t","protected":false},"excerpt":{"rendered":"<p>Banquet de cl\u00f4ture Joignez-vous \u00e0 nous pour une soir\u00e9e inoubliable lors de notre banquet \u00e0 venir !Voici tout ce que vous devez savoir : Tarifs des billets : Pr\u00e9vente : 45 $ Sur place : 50 $ Options de menu: Choisissez parmi trois d\u00e9licieuses options de repas : Boeuf Poulet V\u00e9g\u00e9tarien Inclus: Bar \u00e0 salade [&hellip;]<\/p>\n","protected":false},"author":1,"featured_media":0,"parent":0,"menu_order":0,"comment_status":"closed","ping_status":"closed","template":"","meta":{"footnotes":""},"class_list":["post-803","page","type-page","status-publish","hentry"],"_links":{"self":[{"href":"https:\/\/mastersweightlifting2024.ca\/fr\/wp-json\/wp\/v2\/pages\/803","targetHints":{"allow":["GET"]}}],"collection":[{"href":"https:\/\/mastersweightlifting2024.ca\/fr\/wp-json\/wp\/v2\/pages"}],"about":[{"href":"https:\/\/mastersweightlifting2024.ca\/fr\/wp-json\/wp\/v2\/types\/page"}],"author":[{"embeddable":true,"href":"https:\/\/mastersweightlifting2024.ca\/fr\/wp-json\/wp\/v2\/users\/1"}],"replies":[{"embeddable":true,"href":"https:\/\/mastersweightlifting2024.ca\/fr\/wp-json\/wp\/v2\/comments?post=803"}],"version-history":[{"count":4,"href":"https:\/\/mastersweightlifting2024.ca\/fr\/wp-json\/wp\/v2\/pages\/803\/revisions"}],"predecessor-version":[{"id":815,"href":"https:\/\/mastersweightlifting2024.ca\/fr\/wp-json\/wp\/v2\/pages\/803\/revisions\/815"}],"wp:attachment":[{"href":"https:\/\/mastersweightlifting2024.ca\/fr\/wp-json\/wp\/v2\/media?parent=803"}],"curies":[{"name":"wp","href":"https:\/\/api.w.org\/{rel}","templated":true}]}}