{"id":900,"date":"2024-06-09T14:32:00","date_gmt":"2024-06-09T18:32:00","guid":{"rendered":"https:\/\/mastersweightlifting2024.ca\/product\/t-shirt-homme-noir\/"},"modified":"2024-06-25T17:19:42","modified_gmt":"2024-06-25T21:19:42","slug":"t-shirt-homme-noir","status":"publish","type":"product","link":"https:\/\/mastersweightlifting2024.ca\/fr\/produit\/t-shirt-homme-noir\/","title":{"rendered":"T-Shirt (homme) &#8211; Noir"},"content":{"rendered":"<p>Reservez votre T-shirt de l&rsquo;\u00e9venement!<\/p>\n<p>Quantit\u00e9 tr\u00e8s limit\u00e9es!<\/p>\n<p>Disponible \u00e0 l&rsquo;\u00e9venement<\/p>\n","protected":false},"excerpt":{"rendered":"<p>Reservez votre T-shirt de l&rsquo;\u00e9venement! Quantit\u00e9 tr\u00e8s limit\u00e9es! Disponible \u00e0 l&rsquo;\u00e9venement<\/p>\n","protected":false},"featured_media":822,"template":"","meta":[],"product_cat":[37],"product_tag":[],"class_list":{"0":"post-900","1":"product","2":"type-product","3":"status-publish","4":"has-post-thumbnail","6":"product_cat-t-shirt-fr","8":"first","9":"instock","10":"shipping-taxable","11":"purchasable","12":"product-type-variable"},"_links":{"self":[{"href":"https:\/\/mastersweightlifting2024.ca\/fr\/wp-json\/wp\/v2\/product\/900","targetHints":{"allow":["GET"]}}],"collection":[{"href":"https:\/\/mastersweightlifting2024.ca\/fr\/wp-json\/wp\/v2\/product"}],"about":[{"href":"https:\/\/mastersweightlifting2024.ca\/fr\/wp-json\/wp\/v2\/types\/product"}],"wp:featuredmedia":[{"embeddable":true,"href":"https:\/\/mastersweightlifting2024.ca\/fr\/wp-json\/wp\/v2\/media\/822"}],"wp:attachment":[{"href":"https:\/\/mastersweightlifting2024.ca\/fr\/wp-json\/wp\/v2\/media?parent=900"}],"wp:term":[{"taxonomy":"product_cat","embeddable":true,"href":"https:\/\/mastersweightlifting2024.ca\/fr\/wp-json\/wp\/v2\/product_cat?post=900"},{"taxonomy":"product_tag","embeddable":true,"href":"https:\/\/mastersweightlifting2024.ca\/fr\/wp-json\/wp\/v2\/product_tag?post=900"}],"curies":[{"name":"wp","href":"https:\/\/api.w.org\/{rel}","templated":true}]}}