{"id":905,"date":"2024-06-09T14:32:46","date_gmt":"2024-06-09T18:32:46","guid":{"rendered":"https:\/\/mastersweightlifting2024.ca\/product\/t-shirt-femme-noir\/"},"modified":"2024-06-09T14:32:46","modified_gmt":"2024-06-09T18:32:46","slug":"t-shirt-femme-noir","status":"publish","type":"product","link":"https:\/\/mastersweightlifting2024.ca\/fr\/produit\/t-shirt-femme-noir\/","title":{"rendered":"T-Shirt (femme) &#8211; Noir"},"content":{"rendered":"<p>Reservez votre T-shirt de l&rsquo;\u00e9venement!<\/p>\n<p>Quantit\u00e9 tr\u00e8s limit\u00e9es!<\/p>\n<p>Disponible \u00e0 l&rsquo;\u00e9venement<\/p>\n","protected":false},"excerpt":{"rendered":"<p>Reservez votre T-shirt de l&rsquo;\u00e9venement! Quantit\u00e9 tr\u00e8s limit\u00e9es! Disponible \u00e0 l&rsquo;\u00e9venement<\/p>\n","protected":false},"featured_media":833,"template":"","meta":[],"product_cat":[37],"product_tag":[],"class_list":{"0":"post-905","1":"product","2":"type-product","3":"status-publish","4":"has-post-thumbnail","6":"product_cat-t-shirt-fr","8":"first","9":"instock","10":"shipping-taxable","11":"purchasable","12":"product-type-variable"},"_links":{"self":[{"href":"https:\/\/mastersweightlifting2024.ca\/fr\/wp-json\/wp\/v2\/product\/905","targetHints":{"allow":["GET"]}}],"collection":[{"href":"https:\/\/mastersweightlifting2024.ca\/fr\/wp-json\/wp\/v2\/product"}],"about":[{"href":"https:\/\/mastersweightlifting2024.ca\/fr\/wp-json\/wp\/v2\/types\/product"}],"wp:featuredmedia":[{"embeddable":true,"href":"https:\/\/mastersweightlifting2024.ca\/fr\/wp-json\/wp\/v2\/media\/833"}],"wp:attachment":[{"href":"https:\/\/mastersweightlifting2024.ca\/fr\/wp-json\/wp\/v2\/media?parent=905"}],"wp:term":[{"taxonomy":"product_cat","embeddable":true,"href":"https:\/\/mastersweightlifting2024.ca\/fr\/wp-json\/wp\/v2\/product_cat?post=905"},{"taxonomy":"product_tag","embeddable":true,"href":"https:\/\/mastersweightlifting2024.ca\/fr\/wp-json\/wp\/v2\/product_tag?post=905"}],"curies":[{"name":"wp","href":"https:\/\/api.w.org\/{rel}","templated":true}]}}