{"id":910,"date":"2024-06-09T14:39:36","date_gmt":"2024-06-09T18:39:36","guid":{"rendered":"https:\/\/mastersweightlifting2024.ca\/product\/t-shirt-homme-blanc\/"},"modified":"2024-06-25T19:56:50","modified_gmt":"2024-06-25T23:56:50","slug":"t-shirt-homme-blanc","status":"publish","type":"product","link":"https:\/\/mastersweightlifting2024.ca\/fr\/produit\/t-shirt-homme-blanc\/","title":{"rendered":"T-Shirt (homme) &#8211; Blanc"},"content":{"rendered":"<p>Reservez votre T-shirt de l&rsquo;\u00e9venement!<\/p>\n<p>Quantit\u00e9 tr\u00e8s limit\u00e9es!<\/p>\n<p>Disponible \u00e0 l&rsquo;\u00e9venement<\/p>\n","protected":false},"excerpt":{"rendered":"<p>Reservez votre T-shirt de l&rsquo;\u00e9venement! Quantit\u00e9 tr\u00e8s limit\u00e9es! Disponible \u00e0 l&rsquo;\u00e9venement<\/p>\n","protected":false},"featured_media":841,"template":"","meta":[],"product_cat":[37],"product_tag":[],"class_list":{"0":"post-910","1":"product","2":"type-product","3":"status-publish","4":"has-post-thumbnail","6":"product_cat-t-shirt-fr","8":"first","9":"instock","10":"shipping-taxable","11":"purchasable","12":"product-type-variable"},"_links":{"self":[{"href":"https:\/\/mastersweightlifting2024.ca\/fr\/wp-json\/wp\/v2\/product\/910","targetHints":{"allow":["GET"]}}],"collection":[{"href":"https:\/\/mastersweightlifting2024.ca\/fr\/wp-json\/wp\/v2\/product"}],"about":[{"href":"https:\/\/mastersweightlifting2024.ca\/fr\/wp-json\/wp\/v2\/types\/product"}],"wp:featuredmedia":[{"embeddable":true,"href":"https:\/\/mastersweightlifting2024.ca\/fr\/wp-json\/wp\/v2\/media\/841"}],"wp:attachment":[{"href":"https:\/\/mastersweightlifting2024.ca\/fr\/wp-json\/wp\/v2\/media?parent=910"}],"wp:term":[{"taxonomy":"product_cat","embeddable":true,"href":"https:\/\/mastersweightlifting2024.ca\/fr\/wp-json\/wp\/v2\/product_cat?post=910"},{"taxonomy":"product_tag","embeddable":true,"href":"https:\/\/mastersweightlifting2024.ca\/fr\/wp-json\/wp\/v2\/product_tag?post=910"}],"curies":[{"name":"wp","href":"https:\/\/api.w.org\/{rel}","templated":true}]}}